{"id":92,"date":"2011-07-21T12:56:45","date_gmt":"2011-07-21T12:56:45","guid":{"rendered":"http:\/\/www.kapelagoralska.eu\/?page_id=92"},"modified":"2011-07-23T16:57:08","modified_gmt":"2011-07-23T16:57:08","slug":"audycje-szkolne","status":"publish","type":"page","link":"https:\/\/www.kapelagoralska.eu\/?page_id=92","title":{"rendered":"Audycje szkolne"},"content":{"rendered":"<p><a href=\"http:\/\/www.kapelagoralska.eu\/wp-content\/uploads\/2011\/06\/Audycje.jpg\"><img loading=\"lazy\" decoding=\"async\" class=\"alignright size-medium wp-image-96\" title=\"Audycje\" src=\"http:\/\/www.kapelagoralska.eu\/wp-content\/uploads\/2011\/06\/Audycje-300x225.jpg\" alt=\"\" width=\"300\" height=\"225\" srcset=\"https:\/\/www.kapelagoralska.eu\/wp-content\/uploads\/2011\/06\/Audycje-300x225.jpg 300w, https:\/\/www.kapelagoralska.eu\/wp-content\/uploads\/2011\/06\/Audycje.jpg 640w\" sizes=\"auto, (max-width: 300px) 100vw, 300px\" \/><\/a><strong>Szkolne audycje muzyczne<\/strong><\/p>\n<p>W czasie koncertu przekazywane s\u0105 wiadomo\u015bci na temat kultury g\u00f3ralskiej w \u0142atwo przyswajalnej formie, gdzie w formie zabawnych anegdot i powiastek przekazuje si\u0119 szkolnej dziatwie i gronu pedagogicznemu wiadomo\u015bci na temat muzyki i instrument\u00f3w ludowych, \u015bpiewu i ta\u0144ca, stroj\u00f3w, warunk\u00f3w \u017cycia i od\u017cywiania, tradycji, zwyczaj\u00f3w i przes\u0105d\u00f3w. Uzale\u017cnione jest to tylko od wybranego tematu audycji.<\/p>\n<p>W czasie koncertu mog\u0105 by\u0107 prezentowane\u00a0 instrumenty pasterskie: z\u0142\u00f3bcoki, trombity, r\u00f3g pasterski, fujary i piszcza\u0142ki, dudy podhala\u0144skie i dzwonki pasterskie strojone.<\/p>\n<p>Sk\u0142ad zespo\u0142u 4-8 os\u00f3b.<\/p>\n<p>Czas trwania\u00a0 30-60 min.<\/p>\n<p>Nag\u0142o\u015bnienie mo\u017ce by\u0107 w\u0142asne.<\/p>\n<p>&nbsp;<\/p>\n","protected":false},"excerpt":{"rendered":"<p>Szkolne audycje muzyczne W czasie koncertu przekazywane s\u0105 wiadomo\u015bci na temat kultury g\u00f3ralskiej w \u0142atwo przyswajalnej formie, gdzie w formie zabawnych anegdot i powiastek przekazuje si\u0119 szkolnej dziatwie i gronu pedagogicznemu wiadomo\u015bci na temat muzyki i instrument\u00f3w ludowych, \u015bpiewu i ta\u0144ca, stroj\u00f3w, warunk\u00f3w \u017cycia i od\u017cywiania, tradycji, zwyczaj\u00f3w i przes\u0105d\u00f3w. Uzale\u017cnione jest to tylko od [&hellip;]<\/p>\n","protected":false},"author":1,"featured_media":0,"parent":45,"menu_order":0,"comment_status":"closed","ping_status":"closed","template":"","meta":{"footnotes":""},"class_list":["post-92","page","type-page","status-publish","hentry"],"_links":{"self":[{"href":"https:\/\/www.kapelagoralska.eu\/index.php?rest_route=\/wp\/v2\/pages\/92","targetHints":{"allow":["GET"]}}],"collection":[{"href":"https:\/\/www.kapelagoralska.eu\/index.php?rest_route=\/wp\/v2\/pages"}],"about":[{"href":"https:\/\/www.kapelagoralska.eu\/index.php?rest_route=\/wp\/v2\/types\/page"}],"author":[{"embeddable":true,"href":"https:\/\/www.kapelagoralska.eu\/index.php?rest_route=\/wp\/v2\/users\/1"}],"replies":[{"embeddable":true,"href":"https:\/\/www.kapelagoralska.eu\/index.php?rest_route=%2Fwp%2Fv2%2Fcomments&post=92"}],"version-history":[{"count":5,"href":"https:\/\/www.kapelagoralska.eu\/index.php?rest_route=\/wp\/v2\/pages\/92\/revisions"}],"predecessor-version":[{"id":128,"href":"https:\/\/www.kapelagoralska.eu\/index.php?rest_route=\/wp\/v2\/pages\/92\/revisions\/128"}],"up":[{"embeddable":true,"href":"https:\/\/www.kapelagoralska.eu\/index.php?rest_route=\/wp\/v2\/pages\/45"}],"wp:attachment":[{"href":"https:\/\/www.kapelagoralska.eu\/index.php?rest_route=%2Fwp%2Fv2%2Fmedia&parent=92"}],"curies":[{"name":"wp","href":"https:\/\/api.w.org\/{rel}","templated":true}]}}