{"id":86,"date":"2011-07-21T12:55:18","date_gmt":"2011-07-21T12:55:18","guid":{"rendered":"http:\/\/www.kapelagoralska.eu\/?page_id=86"},"modified":"2011-07-23T17:02:23","modified_gmt":"2011-07-23T17:02:23","slug":"koledowanie","status":"publish","type":"page","link":"https:\/\/www.kapelagoralska.eu\/?page_id=86","title":{"rendered":"Kol\u0119dowanie"},"content":{"rendered":"<p><strong><a href=\"http:\/\/www.kapelagoralska.eu\/wp-content\/uploads\/2011\/06\/Kol\u0119dowanie.jpg\"><img loading=\"lazy\" decoding=\"async\" class=\"alignright size-medium wp-image-99\" title=\"Kol\u0119dowanie\" src=\"http:\/\/www.kapelagoralska.eu\/wp-content\/uploads\/2011\/06\/Kol\u0119dowanie-300x225.jpg\" alt=\"\" width=\"300\" height=\"225\" srcset=\"https:\/\/www.kapelagoralska.eu\/wp-content\/uploads\/2011\/06\/Kol\u0119dowanie-300x225.jpg 300w, https:\/\/www.kapelagoralska.eu\/wp-content\/uploads\/2011\/06\/Kol\u0119dowanie-1024x768.jpg 1024w, https:\/\/www.kapelagoralska.eu\/wp-content\/uploads\/2011\/06\/Kol\u0119dowanie.jpg 2048w\" sizes=\"auto, (max-width: 300px) 100vw, 300px\" \/><\/a>G\u00f3ralskie kol\u0119dowanie<\/strong> to po\u0142\u0105czenie g\u00f3ralskich kol\u0119d z opowie\u015bciami o tradycjach g\u00f3ralskich zwi\u0105zanych ze \u015bwi\u0119tami Bo\u017cego Narodzenia, albo barwne g\u00f3ralskie jase\u0142ka. Wszystko to, mo\u017ce by\u0107 wzbogacone o wsp\u00f3lne \u015bpiewanie og\u00f3lnie znanych kol\u0119d.<\/p>\n<p>Sk\u0142ad zespo\u0142u 6-50 os\u00f3b.<\/p>\n<p>Czas trwania od 15 min. do 2 godz.<\/p>\n<p>Nag\u0142o\u015bnienie mo\u017ce by\u0107 w\u0142asne.<\/p>\n<p>&nbsp;<\/p>\n","protected":false},"excerpt":{"rendered":"<p>G\u00f3ralskie kol\u0119dowanie to po\u0142\u0105czenie g\u00f3ralskich kol\u0119d z opowie\u015bciami o tradycjach g\u00f3ralskich zwi\u0105zanych ze \u015bwi\u0119tami Bo\u017cego Narodzenia, albo barwne g\u00f3ralskie jase\u0142ka. Wszystko to, mo\u017ce by\u0107 wzbogacone o wsp\u00f3lne \u015bpiewanie og\u00f3lnie znanych kol\u0119d. Sk\u0142ad zespo\u0142u 6-50 os\u00f3b. Czas trwania od 15 min. do 2 godz. Nag\u0142o\u015bnienie mo\u017ce by\u0107 w\u0142asne. &nbsp;<\/p>\n","protected":false},"author":1,"featured_media":0,"parent":45,"menu_order":0,"comment_status":"closed","ping_status":"closed","template":"","meta":{"footnotes":""},"class_list":["post-86","page","type-page","status-publish","hentry"],"_links":{"self":[{"href":"https:\/\/www.kapelagoralska.eu\/index.php?rest_route=\/wp\/v2\/pages\/86","targetHints":{"allow":["GET"]}}],"collection":[{"href":"https:\/\/www.kapelagoralska.eu\/index.php?rest_route=\/wp\/v2\/pages"}],"about":[{"href":"https:\/\/www.kapelagoralska.eu\/index.php?rest_route=\/wp\/v2\/types\/page"}],"author":[{"embeddable":true,"href":"https:\/\/www.kapelagoralska.eu\/index.php?rest_route=\/wp\/v2\/users\/1"}],"replies":[{"embeddable":true,"href":"https:\/\/www.kapelagoralska.eu\/index.php?rest_route=%2Fwp%2Fv2%2Fcomments&post=86"}],"version-history":[{"count":6,"href":"https:\/\/www.kapelagoralska.eu\/index.php?rest_route=\/wp\/v2\/pages\/86\/revisions"}],"predecessor-version":[{"id":133,"href":"https:\/\/www.kapelagoralska.eu\/index.php?rest_route=\/wp\/v2\/pages\/86\/revisions\/133"}],"up":[{"embeddable":true,"href":"https:\/\/www.kapelagoralska.eu\/index.php?rest_route=\/wp\/v2\/pages\/45"}],"wp:attachment":[{"href":"https:\/\/www.kapelagoralska.eu\/index.php?rest_route=%2Fwp%2Fv2%2Fmedia&parent=86"}],"curies":[{"name":"wp","href":"https:\/\/api.w.org\/{rel}","templated":true}]}}