{"id":78,"date":"2011-07-21T12:52:56","date_gmt":"2011-07-21T12:52:56","guid":{"rendered":"http:\/\/www.kapelagoralska.eu\/?page_id=78"},"modified":"2011-07-23T16:58:47","modified_gmt":"2011-07-23T16:58:47","slug":"koncerty-estradowe","status":"publish","type":"page","link":"https:\/\/www.kapelagoralska.eu\/?page_id=78","title":{"rendered":"Koncerty estradowe"},"content":{"rendered":"<p><strong><a href=\"http:\/\/www.kapelagoralska.eu\/wp-content\/uploads\/2011\/07\/Koncert-estradowy.jpg\"><img loading=\"lazy\" decoding=\"async\" class=\"alignright size-medium wp-image-109\" title=\"Koncert estradowy\" src=\"http:\/\/www.kapelagoralska.eu\/wp-content\/uploads\/2011\/07\/Koncert-estradowy-300x200.jpg\" alt=\"\" width=\"300\" height=\"200\" srcset=\"https:\/\/www.kapelagoralska.eu\/wp-content\/uploads\/2011\/07\/Koncert-estradowy-300x200.jpg 300w, https:\/\/www.kapelagoralska.eu\/wp-content\/uploads\/2011\/07\/Koncert-estradowy.jpg 600w\" sizes=\"auto, (max-width: 300px) 100vw, 300px\" \/><\/a>Koncerty estradowe <\/strong><\/p>\n<p>Prezentowana jest muzyka, taniec i \u015bpiew g\u00f3ralski, przeplatany g\u00f3ralskim kabaretem Harnasia Janicka. Je\u015bli jest prezentowany program pasterski s\u0142uchacze wys\u0142uchaj\u0105 dawnych instrument\u00f3w pasterskich takich jak: z\u0142\u00f3bcoki, trombity , r\u00f3g pasterski, dudy podhala\u0144skie, fujary, pisco\u0142ki i ko\u0144c\u00f3wka oraz wsp\u00f3lnie z zespo\u0142em zagraj\u0105 na strojonych dzwonkach pasterskich , tworz\u0105c 50-cio osobow\u0105 orkiestr\u0119 dzwonkow\u0105. Program mo\u017ce by\u0107 wzbogacony muzyk\u0105 biesiadn\u0105 i wtedy tradycyjny smyczkowy sk\u0142ad kapeli wzbogacony jest o akordeon, perkusj\u0119 i gitar\u0119 basow\u0105.<\/p>\n<p>Sk\u0142ad zespo\u0142u\u00a0 6-50 os\u00f3b.<\/p>\n<p>Czas trwania 15 min. do 3 godz.<\/p>\n<p>Nag\u0142o\u015bnienie w\u0142asne przy ma\u0142ych koncertach do 200 os\u00f3b.<\/p>\n<p>&nbsp;<\/p>\n","protected":false},"excerpt":{"rendered":"<p>Koncerty estradowe Prezentowana jest muzyka, taniec i \u015bpiew g\u00f3ralski, przeplatany g\u00f3ralskim kabaretem Harnasia Janicka. Je\u015bli jest prezentowany program pasterski s\u0142uchacze wys\u0142uchaj\u0105 dawnych instrument\u00f3w pasterskich takich jak: z\u0142\u00f3bcoki, trombity , r\u00f3g pasterski, dudy podhala\u0144skie, fujary, pisco\u0142ki i ko\u0144c\u00f3wka oraz wsp\u00f3lnie z zespo\u0142em zagraj\u0105 na strojonych dzwonkach pasterskich , tworz\u0105c 50-cio osobow\u0105 orkiestr\u0119 dzwonkow\u0105. Program mo\u017ce by\u0107 [&hellip;]<\/p>\n","protected":false},"author":1,"featured_media":0,"parent":45,"menu_order":0,"comment_status":"closed","ping_status":"open","template":"","meta":{"footnotes":""},"class_list":["post-78","page","type-page","status-publish","hentry"],"_links":{"self":[{"href":"https:\/\/www.kapelagoralska.eu\/index.php?rest_route=\/wp\/v2\/pages\/78","targetHints":{"allow":["GET"]}}],"collection":[{"href":"https:\/\/www.kapelagoralska.eu\/index.php?rest_route=\/wp\/v2\/pages"}],"about":[{"href":"https:\/\/www.kapelagoralska.eu\/index.php?rest_route=\/wp\/v2\/types\/page"}],"author":[{"embeddable":true,"href":"https:\/\/www.kapelagoralska.eu\/index.php?rest_route=\/wp\/v2\/users\/1"}],"replies":[{"embeddable":true,"href":"https:\/\/www.kapelagoralska.eu\/index.php?rest_route=%2Fwp%2Fv2%2Fcomments&post=78"}],"version-history":[{"count":3,"href":"https:\/\/www.kapelagoralska.eu\/index.php?rest_route=\/wp\/v2\/pages\/78\/revisions"}],"predecessor-version":[{"id":130,"href":"https:\/\/www.kapelagoralska.eu\/index.php?rest_route=\/wp\/v2\/pages\/78\/revisions\/130"}],"up":[{"embeddable":true,"href":"https:\/\/www.kapelagoralska.eu\/index.php?rest_route=\/wp\/v2\/pages\/45"}],"wp:attachment":[{"href":"https:\/\/www.kapelagoralska.eu\/index.php?rest_route=%2Fwp%2Fv2%2Fmedia&parent=78"}],"curies":[{"name":"wp","href":"https:\/\/api.w.org\/{rel}","templated":true}]}}