{"id":6,"date":"2011-06-27T19:44:52","date_gmt":"2011-06-27T19:44:52","guid":{"rendered":"http:\/\/www.kapelagoralska.eu\/?page_id=6"},"modified":"2011-07-25T18:34:12","modified_gmt":"2011-07-25T18:34:12","slug":"kapela-janicki","status":"publish","type":"page","link":"https:\/\/www.kapelagoralska.eu\/","title":{"rendered":"Kapela Janicki"},"content":{"rendered":"<p>&nbsp;<\/p>\n<p><a href=\"http:\/\/www.kapelagoralska.eu\/wp-content\/uploads\/2011\/06\/R\u00f3\u017ca1a.jpg\"><img loading=\"lazy\" decoding=\"async\" class=\"size-medium wp-image-12 alignright\" title=\"R\u00f3\u017ca1a\" src=\"http:\/\/www.kapelagoralska.eu\/wp-content\/uploads\/2011\/06\/R\u00f3\u017ca1a-215x300.jpg\" alt=\"\" width=\"215\" height=\"300\" srcset=\"https:\/\/www.kapelagoralska.eu\/wp-content\/uploads\/2011\/06\/R\u00f3\u017ca1a-215x300.jpg 215w, https:\/\/www.kapelagoralska.eu\/wp-content\/uploads\/2011\/06\/R\u00f3\u017ca1a-734x1024.jpg 734w, https:\/\/www.kapelagoralska.eu\/wp-content\/uploads\/2011\/06\/R\u00f3\u017ca1a.jpg 1138w\" sizes=\"auto, (max-width: 215px) 100vw, 215px\" \/><\/a><\/p>\n<p>G\u00f3ralska kapela \u201cJanicki\u201d powsta\u0142a w 1999 roku i tworzy j\u0105 rodzina Janik\u00f3w z Bor\u00f3wna. W 2003 roku do kapeli do\u0142\u0105czy\u0142 prawie 30 osobowy zesp\u00f3\u0142 \u201cJanicki\u201d utworzony na bazie ch\u00f3ru Te Deum z Czarnego Boru. Od 2010 roku zacz\u0119\u0142a si\u0119 r\u00f3wnie\u017c systematyczna praca z dzie\u0107mi ze Szko\u0142y Podstawowej w Czarnym Borze. \u201dJanicki\u201d piel\u0119gnuj\u0105 tradycje ojc\u00f3w swoich przyby\u0142ych za chlebem na ziemi\u0119 dolno\u015bl\u0105sk\u0105\u00a0 po II wojnie \u015bwiatowej z tzw. Szerokiego Podhala. S\u0105 kontynuatorem zespo\u0142u g\u00f3ralskiego dzia\u0142aj\u0105cego w Czarnym Borze do lat 70-tych XX wieku, a za\u0142o\u017conego przez Wincentego Kurnyt\u0119 w 1946 roku. Prezentuj\u0105 folklor g\u00f3ralski szerokiego Podhala: zwyczaje, stroje, gaw\u0119dy i gwar\u0119, specyficzny humor g\u00f3ralski, muzyk\u0119 i taniec.<\/p>\n<p>&nbsp;<\/p>\n<p>Sk\u0142ad Kapeli:<\/p>\n<p><a href=\"http:\/\/www.kapelagoralska.eu\/wp-content\/uploads\/2011\/06\/300_Jarek.jpg\"><img loading=\"lazy\" decoding=\"async\" class=\"size-thumbnail wp-image-51 alignleft\" title=\"Jaros\u0142aw Janik\" src=\"http:\/\/www.kapelagoralska.eu\/wp-content\/uploads\/2011\/06\/300_Jarek-150x150.jpg\" alt=\"\" width=\"150\" height=\"150\" srcset=\"https:\/\/www.kapelagoralska.eu\/wp-content\/uploads\/2011\/06\/300_Jarek-150x150.jpg 150w, https:\/\/www.kapelagoralska.eu\/wp-content\/uploads\/2011\/06\/300_Jarek-300x300.jpg 300w, https:\/\/www.kapelagoralska.eu\/wp-content\/uploads\/2011\/06\/300_Jarek.jpg 367w\" sizes=\"auto, (max-width: 150px) 100vw, 150px\" \/><\/a><br \/>\n1. <strong>Jaros\u0142aw Janik<\/strong> Harna\u015b \u00a0&#8211; Ojciec,<\/p>\n<p>za\u0142o\u017cyciel i prowadz\u0105cy,\u00a0skrzypce &#8211; prym, trombita, fujarki i piszcza\u0142ki, koza, ko\u0144c\u00f3wka, z\u0142\u00f3bcoki, akordeon, klarnet, klawisze, no i \u015bpiew.<\/p>\n<p>&nbsp;<\/p>\n<p>&nbsp;<\/p>\n<p>&nbsp;<\/p>\n<p>&nbsp;<\/p>\n<p><a href=\"http:\/\/www.kapelagoralska.eu\/wp-content\/uploads\/2011\/06\/Ania-150.jpg\"><img loading=\"lazy\" decoding=\"async\" class=\"size-full wp-image-51  alignleft\" title=\"Anna Janik\" src=\"http:\/\/www.kapelagoralska.eu\/wp-content\/uploads\/2011\/06\/Ania-150.jpg\" alt=\"Anna Janik\" width=\"150\" height=\"150\" \/><\/a><br \/>\n2. <strong>Anna Janik &#8211; <\/strong>Matka,<\/p>\n<p>basy g\u00f3ralskie i \u015bpiew.<\/p>\n<p>&nbsp;<\/p>\n<p>&nbsp;<\/p>\n<p>&nbsp;<\/p>\n<p>&nbsp;<\/p>\n<p>&nbsp;<\/p>\n<p><a href=\"http:\/\/www.kapelagoralska.eu\/wp-content\/uploads\/2011\/06\/300_Asia.jpg\"><img loading=\"lazy\" decoding=\"async\" class=\"size-thumbnail wp-image-51 alignleft\" title=\"Joanna Janik\" src=\"http:\/\/www.kapelagoralska.eu\/wp-content\/uploads\/2011\/06\/300_Asia-150x150.jpg\" alt=\"\" width=\"150\" height=\"150\" \/><\/a><br \/>\n3. <strong>Joanna Janik <\/strong>&#8211; C\u00f3rka,<\/p>\n<p>skrzypce &#8211;\u00a0sekund i basy g\u00f3ralskie, solistka \u015bpiew i taniec.<\/p>\n<p>&nbsp;<\/p>\n<p>&nbsp;<\/p>\n<p>&nbsp;<\/p>\n<p>&nbsp;<\/p>\n<p>&nbsp;<\/p>\n<p><a href=\"http:\/\/www.kapelagoralska.eu\/wp-content\/uploads\/2011\/06\/300_Mateusz.jpg\"><img loading=\"lazy\" decoding=\"async\" class=\"alignleft size-thumbnail wp-image-53\" title=\"Mateusz Janik\" src=\"http:\/\/www.kapelagoralska.eu\/wp-content\/uploads\/2011\/06\/300_Mateusz-150x150.jpg\" alt=\"\" width=\"150\" height=\"150\" srcset=\"https:\/\/www.kapelagoralska.eu\/wp-content\/uploads\/2011\/06\/300_Mateusz-150x150.jpg 150w, https:\/\/www.kapelagoralska.eu\/wp-content\/uploads\/2011\/06\/300_Mateusz.jpg 300w\" sizes=\"auto, (max-width: 150px) 100vw, 150px\" \/><\/a><\/p>\n<p>&nbsp;<\/p>\n<p>4. <strong>Mateusz Janik<\/strong> &#8211; Syn,<\/p>\n<p>skrzypce &#8211;\u00a0prym, trombita i \u015bpiew.<\/p>\n<p>&nbsp;<\/p>\n<p>&nbsp;<\/p>\n<p>&nbsp;<\/p>\n<p>&nbsp;<\/p>\n<p><a href=\"http:\/\/www.kapelagoralska.eu\/wp-content\/uploads\/2011\/06\/300_Karol.jpg\"><img loading=\"lazy\" decoding=\"async\" class=\"alignleft size-thumbnail wp-image-52\" title=\"Karol Janik\" src=\"http:\/\/www.kapelagoralska.eu\/wp-content\/uploads\/2011\/06\/300_Karol-150x150.jpg\" alt=\"\" width=\"150\" height=\"150\" srcset=\"https:\/\/www.kapelagoralska.eu\/wp-content\/uploads\/2011\/06\/300_Karol-150x150.jpg 150w, https:\/\/www.kapelagoralska.eu\/wp-content\/uploads\/2011\/06\/300_Karol.jpg 300w\" sizes=\"auto, (max-width: 150px) 100vw, 150px\" \/><\/a><\/p>\n<p>&nbsp;<\/p>\n<p>5. <strong>Karol Janik <\/strong>&#8211; Syn,<\/p>\n<p>skrzypce &#8211;\u00a0sekund, z\u0142\u00f3bcoki, trombita, fujarki, solista \u015bpiew i taniec.<\/p>\n<p>&nbsp;<\/p>\n<p>&nbsp;<\/p>\n<p>&nbsp;<\/p>\n<p>&nbsp;<\/p>\n<p><a href=\"http:\/\/www.kapelagoralska.eu\/wp-content\/uploads\/2011\/06\/300_Wojtek1.jpg\"><img loading=\"lazy\" decoding=\"async\" class=\"alignleft size-thumbnail wp-image-95\" title=\"300_Wojtek\" src=\"http:\/\/www.kapelagoralska.eu\/wp-content\/uploads\/2011\/06\/300_Wojtek1-150x150.jpg\" alt=\"\" width=\"150\" height=\"150\" srcset=\"https:\/\/www.kapelagoralska.eu\/wp-content\/uploads\/2011\/06\/300_Wojtek1-150x150.jpg 150w, https:\/\/www.kapelagoralska.eu\/wp-content\/uploads\/2011\/06\/300_Wojtek1-300x300.jpg 300w, https:\/\/www.kapelagoralska.eu\/wp-content\/uploads\/2011\/06\/300_Wojtek1.jpg 310w\" sizes=\"auto, (max-width: 150px) 100vw, 150px\" \/><\/a><\/p>\n<p>&nbsp;<\/p>\n<p>6. <strong>Wojciech Janik <\/strong>&#8211; Syn,<\/p>\n<p>skrzypce &#8211;\u00a0sekund, trombita , r\u00f3g pasterski, \u015bpiew i taniec.<\/p>\n","protected":false},"excerpt":{"rendered":"<p>&nbsp; G\u00f3ralska kapela \u201cJanicki\u201d powsta\u0142a w 1999 roku i tworzy j\u0105 rodzina Janik\u00f3w z Bor\u00f3wna. W 2003 roku do kapeli do\u0142\u0105czy\u0142 prawie 30 osobowy zesp\u00f3\u0142 \u201cJanicki\u201d utworzony na bazie ch\u00f3ru Te Deum z Czarnego Boru. Od 2010 roku zacz\u0119\u0142a si\u0119 r\u00f3wnie\u017c systematyczna praca z dzie\u0107mi ze Szko\u0142y Podstawowej w Czarnym Borze. \u201dJanicki\u201d piel\u0119gnuj\u0105 tradycje ojc\u00f3w [&hellip;]<\/p>\n","protected":false},"author":1,"featured_media":0,"parent":0,"menu_order":0,"comment_status":"closed","ping_status":"closed","template":"","meta":{"footnotes":""},"class_list":["post-6","page","type-page","status-publish","hentry"],"_links":{"self":[{"href":"https:\/\/www.kapelagoralska.eu\/index.php?rest_route=\/wp\/v2\/pages\/6","targetHints":{"allow":["GET"]}}],"collection":[{"href":"https:\/\/www.kapelagoralska.eu\/index.php?rest_route=\/wp\/v2\/pages"}],"about":[{"href":"https:\/\/www.kapelagoralska.eu\/index.php?rest_route=\/wp\/v2\/types\/page"}],"author":[{"embeddable":true,"href":"https:\/\/www.kapelagoralska.eu\/index.php?rest_route=\/wp\/v2\/users\/1"}],"replies":[{"embeddable":true,"href":"https:\/\/www.kapelagoralska.eu\/index.php?rest_route=%2Fwp%2Fv2%2Fcomments&post=6"}],"version-history":[{"count":28,"href":"https:\/\/www.kapelagoralska.eu\/index.php?rest_route=\/wp\/v2\/pages\/6\/revisions"}],"predecessor-version":[{"id":19,"href":"https:\/\/www.kapelagoralska.eu\/index.php?rest_route=\/wp\/v2\/pages\/6\/revisions\/19"}],"wp:attachment":[{"href":"https:\/\/www.kapelagoralska.eu\/index.php?rest_route=%2Fwp%2Fv2%2Fmedia&parent=6"}],"curies":[{"name":"wp","href":"https:\/\/api.w.org\/{rel}","templated":true}]}}