{"id":88,"date":"2011-07-21T12:55:54","date_gmt":"2011-07-21T12:55:54","guid":{"rendered":"http:\/\/www.kapelagoralska.eu\/?page_id=88"},"modified":"2011-07-23T16:57:58","modified_gmt":"2011-07-23T16:57:58","slug":"imprezy-kameralne","status":"publish","type":"page","link":"http:\/\/www.kapelagoralska.eu\/?page_id=88","title":{"rendered":"Imprezy kameralne"},"content":{"rendered":"<p><strong><a href=\"http:\/\/www.kapelagoralska.eu\/wp-content\/uploads\/2011\/06\/Impreza-kameralna.jpg\"><img loading=\"lazy\" decoding=\"async\" class=\"alignright size-medium wp-image-98\" title=\"Impreza kameralna\" src=\"http:\/\/www.kapelagoralska.eu\/wp-content\/uploads\/2011\/06\/Impreza-kameralna-300x225.jpg\" alt=\"\" width=\"300\" height=\"225\" srcset=\"http:\/\/www.kapelagoralska.eu\/wp-content\/uploads\/2011\/06\/Impreza-kameralna-300x225.jpg 300w, http:\/\/www.kapelagoralska.eu\/wp-content\/uploads\/2011\/06\/Impreza-kameralna-1024x768.jpg 1024w, http:\/\/www.kapelagoralska.eu\/wp-content\/uploads\/2011\/06\/Impreza-kameralna.jpg 1600w\" sizes=\"auto, (max-width: 300px) 100vw, 300px\" \/><\/a>Kameralne imprezy okoliczno\u015bciowe<\/strong><\/p>\n<p>Na ka\u017cd\u0105 imprez\u0119 typu: imieniny, urodziny, jubileusz czy rocznic\u0119, przygotowywany jest indywidualny program kabaretowy. Program dostosowany jest do danej osoby b\u0105d\u017a firmy, kt\u00f3rej dotyczy uroczysto\u015b\u0107. Dlatego potrzebne s\u0105 zebrane wcze\u015bniej og\u00f3lne wiadomo\u015bci na ich temat, w celu przygotowania odpowiednich powiastek. Ca\u0142o\u015b\u0107 po\u0142\u0105czona jest wsp\u00f3lnymi zabawami, ta\u0144cami i \u015bpiewkami g\u00f3ralskimi.<\/p>\n<p>Sk\u0142ad zespo\u0142u 6-15 os\u00f3b.<\/p>\n<p>Czas trwania od 30 min. do 3 godz.<\/p>\n<p>&nbsp;<\/p>\n","protected":false},"excerpt":{"rendered":"<p>Kameralne imprezy okoliczno\u015bciowe Na ka\u017cd\u0105 imprez\u0119 typu: imieniny, urodziny, jubileusz czy rocznic\u0119, przygotowywany jest indywidualny program kabaretowy. Program dostosowany jest do danej osoby b\u0105d\u017a firmy, kt\u00f3rej dotyczy uroczysto\u015b\u0107. Dlatego potrzebne s\u0105 zebrane wcze\u015bniej og\u00f3lne wiadomo\u015bci na ich temat, w celu przygotowania odpowiednich powiastek. Ca\u0142o\u015b\u0107 po\u0142\u0105czona jest wsp\u00f3lnymi zabawami, ta\u0144cami i \u015bpiewkami g\u00f3ralskimi. Sk\u0142ad zespo\u0142u 6-15 [&hellip;]<\/p>\n","protected":false},"author":1,"featured_media":0,"parent":45,"menu_order":0,"comment_status":"closed","ping_status":"closed","template":"","meta":{"footnotes":""},"class_list":["post-88","page","type-page","status-publish","hentry"],"_links":{"self":[{"href":"http:\/\/www.kapelagoralska.eu\/index.php?rest_route=\/wp\/v2\/pages\/88","targetHints":{"allow":["GET"]}}],"collection":[{"href":"http:\/\/www.kapelagoralska.eu\/index.php?rest_route=\/wp\/v2\/pages"}],"about":[{"href":"http:\/\/www.kapelagoralska.eu\/index.php?rest_route=\/wp\/v2\/types\/page"}],"author":[{"embeddable":true,"href":"http:\/\/www.kapelagoralska.eu\/index.php?rest_route=\/wp\/v2\/users\/1"}],"replies":[{"embeddable":true,"href":"http:\/\/www.kapelagoralska.eu\/index.php?rest_route=%2Fwp%2Fv2%2Fcomments&post=88"}],"version-history":[{"count":7,"href":"http:\/\/www.kapelagoralska.eu\/index.php?rest_route=\/wp\/v2\/pages\/88\/revisions"}],"predecessor-version":[{"id":129,"href":"http:\/\/www.kapelagoralska.eu\/index.php?rest_route=\/wp\/v2\/pages\/88\/revisions\/129"}],"up":[{"embeddable":true,"href":"http:\/\/www.kapelagoralska.eu\/index.php?rest_route=\/wp\/v2\/pages\/45"}],"wp:attachment":[{"href":"http:\/\/www.kapelagoralska.eu\/index.php?rest_route=%2Fwp%2Fv2%2Fmedia&parent=88"}],"curies":[{"name":"wp","href":"https:\/\/api.w.org\/{rel}","templated":true}]}}