{"id":75,"date":"2011-07-21T12:41:11","date_gmt":"2011-07-21T12:41:11","guid":{"rendered":"http:\/\/www.kapelagoralska.eu\/?page_id=75"},"modified":"2011-07-23T17:01:18","modified_gmt":"2011-07-23T17:01:18","slug":"wesela","status":"publish","type":"page","link":"http:\/\/www.kapelagoralska.eu\/?page_id=75","title":{"rendered":"Wesela"},"content":{"rendered":"<p><strong><a href=\"http:\/\/www.kapelagoralska.eu\/wp-content\/uploads\/2011\/06\/wesele.jpg\"><img loading=\"lazy\" decoding=\"async\" class=\"alignright size-medium wp-image-102\" title=\"wesele\" src=\"http:\/\/www.kapelagoralska.eu\/wp-content\/uploads\/2011\/06\/wesele-300x200.jpg\" alt=\"\" width=\"300\" height=\"200\" srcset=\"http:\/\/www.kapelagoralska.eu\/wp-content\/uploads\/2011\/06\/wesele-300x200.jpg 300w, http:\/\/www.kapelagoralska.eu\/wp-content\/uploads\/2011\/06\/wesele-1024x685.jpg 1024w\" sizes=\"auto, (max-width: 300px) 100vw, 300px\" \/><\/a>Wesela:<\/strong><\/p>\n<p>&#8211; Pe\u0142na obs\u0142uga wesela lub fragmenty uroczysto\u015bci weselnych,<\/p>\n<p>&#8211; Prowadzenie Pana M\u0142odego i przejazd do Pani\u00a0M\u0142odej,<\/p>\n<p>&#8211; B\u0142ogos\u0142awie\u0144stwo\u00a0M\u0142odej\u00a0Pary z mow\u0105 weseln\u0105,<\/p>\n<p>&#8211; Wyprowadzenie M\u0142odej Pary i orszak weselny,<\/p>\n<p>&#8211; Pe\u0142na obs\u0142uga Mszy \u015bw. w klimacie g\u00f3ralskim (w tym organista, psalm i alleluja, pie\u015bni liturgiczne i \u015blubne),<\/p>\n<p>&#8211; Orszak weselny z Ko\u015bcio\u0142a do domu weselnego,<\/p>\n<p>&#8211; G\u00f3ralskie Krakowioki, <strong>absolutny HIT i atrakcja weselna<\/strong>, po\u0142\u0105czenie kabaretu z g\u00f3ralskimi zwyczajami. Program oparty na do tej pory piel\u0119gnowanym starym zwyczaju, gdy nieproszeni go\u015bcie wchodz\u0105 w nocy na wesele, to musz\u0105 by\u0107 godnie ugoszczeni, bo inaczej nie b\u0119dzie si\u0119 wiod\u0142o m\u0142odej parze\u00a0 w ich \u017cyciu ma\u0142\u017ce\u0144skim. Ci za\u015b go\u015bcie, zwani krakowiokami albo cornymi, ubawiaj\u0105 go\u015bci weselnych weso\u0142\u0105 scenk\u0105 i po pocz\u0119stunku oraz ta\u0144cu, opuszczaj\u0105 wesele, b\u0105d\u017a te\u017c doprowadzaj\u0105 do bitki i roznosz\u0105\u00a0weselisko\u00a0na ciupagach. My w 14 os\u00f3b wchodzimy na 40-sto minutowy program w czasie kt\u00f3rego ze skrzyni zb\u00f3jeckiej wydawane s\u0105 prezenty dla m\u0142odej pary, a do ka\u017cdego prezentu opowiadana jest powiastka z nauk\u0105 \u017cyciow\u0105 do \u015bmiechu i wszystko to przeplatane jest \u015bpiewami i ta\u0144cami g\u00f3ralskimi.<\/p>\n<p>Sk\u0142ad zespo\u0142u 4-30 os\u00f3b.<\/p>\n<p>Czas trwania od 20 min. do 2 dni.<\/p>\n<p>Nag\u0142o\u015bnienie\u00a0 i organy w ko\u015bciele oraz na weselu w\u0142asne.<\/p>\n<p><strong><br \/>\n<\/strong><\/p>\n<p>&nbsp;<\/p>\n","protected":false},"excerpt":{"rendered":"<p>Wesela: &#8211; Pe\u0142na obs\u0142uga wesela lub fragmenty uroczysto\u015bci weselnych, &#8211; Prowadzenie Pana M\u0142odego i przejazd do Pani\u00a0M\u0142odej, &#8211; B\u0142ogos\u0142awie\u0144stwo\u00a0M\u0142odej\u00a0Pary z mow\u0105 weseln\u0105, &#8211; Wyprowadzenie M\u0142odej Pary i orszak weselny, &#8211; Pe\u0142na obs\u0142uga Mszy \u015bw. w klimacie g\u00f3ralskim (w tym organista, psalm i alleluja, pie\u015bni liturgiczne i \u015blubne), &#8211; Orszak weselny z Ko\u015bcio\u0142a do domu weselnego, [&hellip;]<\/p>\n","protected":false},"author":1,"featured_media":0,"parent":45,"menu_order":0,"comment_status":"closed","ping_status":"open","template":"","meta":{"footnotes":""},"class_list":["post-75","page","type-page","status-publish","hentry"],"_links":{"self":[{"href":"http:\/\/www.kapelagoralska.eu\/index.php?rest_route=\/wp\/v2\/pages\/75","targetHints":{"allow":["GET"]}}],"collection":[{"href":"http:\/\/www.kapelagoralska.eu\/index.php?rest_route=\/wp\/v2\/pages"}],"about":[{"href":"http:\/\/www.kapelagoralska.eu\/index.php?rest_route=\/wp\/v2\/types\/page"}],"author":[{"embeddable":true,"href":"http:\/\/www.kapelagoralska.eu\/index.php?rest_route=\/wp\/v2\/users\/1"}],"replies":[{"embeddable":true,"href":"http:\/\/www.kapelagoralska.eu\/index.php?rest_route=%2Fwp%2Fv2%2Fcomments&post=75"}],"version-history":[{"count":5,"href":"http:\/\/www.kapelagoralska.eu\/index.php?rest_route=\/wp\/v2\/pages\/75\/revisions"}],"predecessor-version":[{"id":77,"href":"http:\/\/www.kapelagoralska.eu\/index.php?rest_route=\/wp\/v2\/pages\/75\/revisions\/77"}],"up":[{"embeddable":true,"href":"http:\/\/www.kapelagoralska.eu\/index.php?rest_route=\/wp\/v2\/pages\/45"}],"wp:attachment":[{"href":"http:\/\/www.kapelagoralska.eu\/index.php?rest_route=%2Fwp%2Fv2%2Fmedia&parent=75"}],"curies":[{"name":"wp","href":"https:\/\/api.w.org\/{rel}","templated":true}]}}