{"id":45,"date":"2011-07-19T12:17:47","date_gmt":"2011-07-19T12:17:47","guid":{"rendered":"http:\/\/www.kapelagoralska.eu\/?page_id=45"},"modified":"2011-07-22T12:49:00","modified_gmt":"2011-07-22T12:49:00","slug":"oferta","status":"publish","type":"page","link":"http:\/\/www.kapelagoralska.eu\/?page_id=45","title":{"rendered":"Oferta"},"content":{"rendered":"<p>G\u00f3ralska Kapela\u00a0 i Zesp\u00f3\u0142 \u201cJanicki\u201d wyst\u0119puje na wszelkiego rodzaju imprezach i uroczysto\u015bciach, dobieraj\u0105c program i sk\u0142ad zespo\u0142u (od 4 do 50 os\u00f3b) do aktualnych potrzeb:<a href=\"http:\/\/www.kapelagoralska.eu\/wp-content\/uploads\/2011\/06\/Oferta.jpg\"><img loading=\"lazy\" decoding=\"async\" class=\"alignright size-medium wp-image-103\" title=\"Oferta\" src=\"http:\/\/www.kapelagoralska.eu\/wp-content\/uploads\/2011\/06\/Oferta-300x225.jpg\" alt=\"\" width=\"300\" height=\"225\" srcset=\"http:\/\/www.kapelagoralska.eu\/wp-content\/uploads\/2011\/06\/Oferta-300x225.jpg 300w, http:\/\/www.kapelagoralska.eu\/wp-content\/uploads\/2011\/06\/Oferta-1024x768.jpg 1024w\" sizes=\"auto, (max-width: 300px) 100vw, 300px\" \/><\/a><\/p>\n<p>&#8211; Biesiady g\u00f3ralskie<\/p>\n<p>&#8211; Wesela<\/p>\n<p>&#8211; Koncerty estradowe<\/p>\n<p>&#8211; G\u00f3ralskie kol\u0119dowanie<\/p>\n<p>&#8211; Kameralne imprezy okoliczno\u015bciowe<\/p>\n<p>&#8211; Msze \u015bwi\u0119te w g\u00f3ralskiej oprawie<\/p>\n<p>&#8211; Szkole audycje muzyczne.<\/p>\n<p>&nbsp;<\/p>\n<p>Wystawiamy rachunki.<\/p>\n<p>&nbsp;<\/p>\n","protected":false},"excerpt":{"rendered":"<p>G\u00f3ralska Kapela\u00a0 i Zesp\u00f3\u0142 \u201cJanicki\u201d wyst\u0119puje na wszelkiego rodzaju imprezach i uroczysto\u015bciach, dobieraj\u0105c program i sk\u0142ad zespo\u0142u (od 4 do 50 os\u00f3b) do aktualnych potrzeb: &#8211; Biesiady g\u00f3ralskie &#8211; Wesela &#8211; Koncerty estradowe &#8211; G\u00f3ralskie kol\u0119dowanie &#8211; Kameralne imprezy okoliczno\u015bciowe &#8211; Msze \u015bwi\u0119te w g\u00f3ralskiej oprawie &#8211; Szkole audycje muzyczne. &nbsp; Wystawiamy rachunki. &nbsp;<\/p>\n","protected":false},"author":1,"featured_media":0,"parent":0,"menu_order":0,"comment_status":"closed","ping_status":"open","template":"","meta":{"footnotes":""},"class_list":["post-45","page","type-page","status-publish","hentry"],"_links":{"self":[{"href":"http:\/\/www.kapelagoralska.eu\/index.php?rest_route=\/wp\/v2\/pages\/45","targetHints":{"allow":["GET"]}}],"collection":[{"href":"http:\/\/www.kapelagoralska.eu\/index.php?rest_route=\/wp\/v2\/pages"}],"about":[{"href":"http:\/\/www.kapelagoralska.eu\/index.php?rest_route=\/wp\/v2\/types\/page"}],"author":[{"embeddable":true,"href":"http:\/\/www.kapelagoralska.eu\/index.php?rest_route=\/wp\/v2\/users\/1"}],"replies":[{"embeddable":true,"href":"http:\/\/www.kapelagoralska.eu\/index.php?rest_route=%2Fwp%2Fv2%2Fcomments&post=45"}],"version-history":[{"count":9,"href":"http:\/\/www.kapelagoralska.eu\/index.php?rest_route=\/wp\/v2\/pages\/45\/revisions"}],"predecessor-version":[{"id":105,"href":"http:\/\/www.kapelagoralska.eu\/index.php?rest_route=\/wp\/v2\/pages\/45\/revisions\/105"}],"wp:attachment":[{"href":"http:\/\/www.kapelagoralska.eu\/index.php?rest_route=%2Fwp%2Fv2%2Fmedia&parent=45"}],"curies":[{"name":"wp","href":"https:\/\/api.w.org\/{rel}","templated":true}]}}