{"id":30,"date":"2011-07-20T14:40:00","date_gmt":"2011-07-20T14:40:00","guid":{"rendered":"http:\/\/www.kapelagoralska.eu\/?page_id=30"},"modified":"2011-07-23T16:39:21","modified_gmt":"2011-07-23T16:39:21","slug":"kontakt","status":"publish","type":"page","link":"http:\/\/www.kapelagoralska.eu\/?page_id=30","title":{"rendered":"Kontakt"},"content":{"rendered":"<p>G\u00f3ralski O\u015brodek Kultury\u00a0&#8222;HARNA\u015a&#8221; Jaros\u0142aw Janik<\/p>\n<p>Bor\u00f3wno 20,\u00a058-379 Czarny B\u00f3r<\/p>\n<p>NIP 886-151-94-00,\u00a0REGON 021035999<\/p>\n<p>Telefon:<a href=\"http:\/\/www.kapelagoralska.eu\/wp-content\/uploads\/2011\/06\/skrzynka-poczt.1a-copy.png\"><img loading=\"lazy\" decoding=\"async\" class=\"alignright size-full wp-image-35\" title=\"skrzynka poczt.1a copy\" src=\"http:\/\/www.kapelagoralska.eu\/wp-content\/uploads\/2011\/06\/skrzynka-poczt.1a-copy.png\" alt=\"\" width=\"448\" height=\"336\" srcset=\"http:\/\/www.kapelagoralska.eu\/wp-content\/uploads\/2011\/06\/skrzynka-poczt.1a-copy.png 640w, http:\/\/www.kapelagoralska.eu\/wp-content\/uploads\/2011\/06\/skrzynka-poczt.1a-copy-300x225.png 300w\" sizes=\"auto, (max-width: 448px) 100vw, 448px\" \/><\/a><\/p>\n<p>604 055 166<\/p>\n<p>Email:<\/p>\n<p>info@kapelagoralska.eu<\/p>\n<p>&nbsp;<\/p>\n","protected":false},"excerpt":{"rendered":"<p>G\u00f3ralski O\u015brodek Kultury\u00a0&#8222;HARNA\u015a&#8221; Jaros\u0142aw Janik Bor\u00f3wno 20,\u00a058-379 Czarny B\u00f3r NIP 886-151-94-00,\u00a0REGON 021035999 Telefon: 604 055 166 Email: info@kapelagoralska.eu &nbsp;<\/p>\n","protected":false},"author":1,"featured_media":0,"parent":0,"menu_order":0,"comment_status":"closed","ping_status":"closed","template":"","meta":{"footnotes":""},"class_list":["post-30","page","type-page","status-publish","hentry"],"_links":{"self":[{"href":"http:\/\/www.kapelagoralska.eu\/index.php?rest_route=\/wp\/v2\/pages\/30","targetHints":{"allow":["GET"]}}],"collection":[{"href":"http:\/\/www.kapelagoralska.eu\/index.php?rest_route=\/wp\/v2\/pages"}],"about":[{"href":"http:\/\/www.kapelagoralska.eu\/index.php?rest_route=\/wp\/v2\/types\/page"}],"author":[{"embeddable":true,"href":"http:\/\/www.kapelagoralska.eu\/index.php?rest_route=\/wp\/v2\/users\/1"}],"replies":[{"embeddable":true,"href":"http:\/\/www.kapelagoralska.eu\/index.php?rest_route=%2Fwp%2Fv2%2Fcomments&post=30"}],"version-history":[{"count":19,"href":"http:\/\/www.kapelagoralska.eu\/index.php?rest_route=\/wp\/v2\/pages\/30\/revisions"}],"predecessor-version":[{"id":34,"href":"http:\/\/www.kapelagoralska.eu\/index.php?rest_route=\/wp\/v2\/pages\/30\/revisions\/34"}],"wp:attachment":[{"href":"http:\/\/www.kapelagoralska.eu\/index.php?rest_route=%2Fwp%2Fv2%2Fmedia&parent=30"}],"curies":[{"name":"wp","href":"https:\/\/api.w.org\/{rel}","templated":true}]}}