{"id":20,"date":"2011-06-29T17:33:13","date_gmt":"2011-06-29T17:33:13","guid":{"rendered":"http:\/\/www.kapelagoralska.eu\/?page_id=20"},"modified":"2011-09-17T20:32:08","modified_gmt":"2011-09-17T20:32:08","slug":"historia","status":"publish","type":"page","link":"http:\/\/www.kapelagoralska.eu\/?page_id=20","title":{"rendered":"Historia"},"content":{"rendered":"<p><strong>Genowefa Strojna<\/strong> z domu Poto\u0144c\u00f3wna z rodu Piks\u00f3w<\/p>\n<p style=\"text-align: center;\"><a href=\"http:\/\/www.kapelagoralska.eu\/wp-content\/uploads\/2011\/06\/Genowefa-Strojna1.jpg\"><img loading=\"lazy\" decoding=\"async\" class=\"aligncenter size-medium wp-image-154\" style=\"border: 1px solid black;\" title=\"Genowefa Strojna\" src=\"http:\/\/www.kapelagoralska.eu\/wp-content\/uploads\/2011\/06\/Genowefa-Strojna1-214x300.jpg\" alt=\"\" width=\"214\" height=\"300\" srcset=\"http:\/\/www.kapelagoralska.eu\/wp-content\/uploads\/2011\/06\/Genowefa-Strojna1-214x300.jpg 214w, http:\/\/www.kapelagoralska.eu\/wp-content\/uploads\/2011\/06\/Genowefa-Strojna1-733x1024.jpg 733w, http:\/\/www.kapelagoralska.eu\/wp-content\/uploads\/2011\/06\/Genowefa-Strojna1.jpg 908w\" sizes=\"auto, (max-width: 214px) 100vw, 214px\" \/><\/a><\/p>\n<p>Animatorka kultury g\u00f3ralskiej na Ziemi Czarnoborskiej.<\/p>\n<p>Wywodzi si\u0119 z zespo\u0142u \u201e\u0141\u0105cko\u201d kt\u00f3ry zwyci\u0119\u017cy\u0142 w 1935 roku w Zakopanem na festiwalu \u201e\u015awi\u0119to G\u00f3r\u201d w kategorii Ta\u0144ca zb\u00f3jnickiego.<\/p>\n<p>&nbsp;<\/p>\n<p><strong>Wincenty Kurnyta<\/strong><\/p>\n<p style=\"text-align: center;\"><a href=\"http:\/\/www.kapelagoralska.eu\/wp-content\/uploads\/2011\/06\/Wincenty-Kurnyta.jpg\"><img loading=\"lazy\" decoding=\"async\" class=\"aligncenter size-medium wp-image-156\" style=\"border: 1px solid black;\" title=\"Wincenty Kurnyta\" src=\"http:\/\/www.kapelagoralska.eu\/wp-content\/uploads\/2011\/06\/Wincenty-Kurnyta-300x205.jpg\" alt=\"\" width=\"300\" height=\"205\" srcset=\"http:\/\/www.kapelagoralska.eu\/wp-content\/uploads\/2011\/06\/Wincenty-Kurnyta-300x205.jpg 300w, http:\/\/www.kapelagoralska.eu\/wp-content\/uploads\/2011\/06\/Wincenty-Kurnyta-1024x700.jpg 1024w, http:\/\/www.kapelagoralska.eu\/wp-content\/uploads\/2011\/06\/Wincenty-Kurnyta.jpg 1432w\" sizes=\"auto, (max-width: 300px) 100vw, 300px\" \/><\/a><\/p>\n<p>Za\u0142o\u017cyciel pierwszego zespo\u0142u g\u00f3ralskiego w Czarnym Borze w 1946 roku.<\/p>\n<p>&nbsp;<\/p>\n<p><strong>Kapela Janicki<\/strong><\/p>\n<p><strong><a href=\"http:\/\/www.kapelagoralska.eu\/wp-content\/uploads\/2011\/06\/Ma\u0142a-kapela-rodzinna.jpg\"><img loading=\"lazy\" decoding=\"async\" class=\"aligncenter size-medium wp-image-188\" title=\"Ma\u0142a kapela rodzinna\" src=\"http:\/\/www.kapelagoralska.eu\/wp-content\/uploads\/2011\/06\/Ma\u0142a-kapela-rodzinna-205x300.jpg\" alt=\"\" width=\"205\" height=\"300\" srcset=\"http:\/\/www.kapelagoralska.eu\/wp-content\/uploads\/2011\/06\/Ma\u0142a-kapela-rodzinna-205x300.jpg 205w, http:\/\/www.kapelagoralska.eu\/wp-content\/uploads\/2011\/06\/Ma\u0142a-kapela-rodzinna-700x1024.jpg 700w, http:\/\/www.kapelagoralska.eu\/wp-content\/uploads\/2011\/06\/Ma\u0142a-kapela-rodzinna.jpg 1182w\" sizes=\"auto, (max-width: 205px) 100vw, 205px\" \/><\/a><br \/>\n<\/strong><\/p>\n<p>1999 rok &#8211; powstaje rodzinna kapela,\u00a0kt\u00f3r\u0105 w nast\u0119pnych  latach zasilaj\u0105 kolejni cz\u0142onkowie rodziny Janik\u00f3w.<\/p>\n<p>&nbsp;<\/p>\n<p><strong>Zesp\u00f3\u0142 Janicki<\/strong><\/p>\n<p style=\"text-align: center;\"><strong><a href=\"http:\/\/www.kapelagoralska.eu\/wp-content\/uploads\/2011\/06\/Zesp\u00f3\u0142-Janicki.jpg\"><img loading=\"lazy\" decoding=\"async\" class=\"aligncenter size-medium wp-image-189\" style=\"border: 1px solid black;\" title=\"Zesp\u00f3\u0142 Janicki\" src=\"http:\/\/www.kapelagoralska.eu\/wp-content\/uploads\/2011\/06\/Zesp\u00f3\u0142-Janicki-300x202.jpg\" alt=\"\" width=\"300\" height=\"202\" srcset=\"http:\/\/www.kapelagoralska.eu\/wp-content\/uploads\/2011\/06\/Zesp\u00f3\u0142-Janicki-300x202.jpg 300w, http:\/\/www.kapelagoralska.eu\/wp-content\/uploads\/2011\/06\/Zesp\u00f3\u0142-Janicki-1024x690.jpg 1024w, http:\/\/www.kapelagoralska.eu\/wp-content\/uploads\/2011\/06\/Zesp\u00f3\u0142-Janicki.jpg 1786w\" sizes=\"auto, (max-width: 300px) 100vw, 300px\" \/><\/a><br \/>\n<\/strong><\/p>\n<p style=\"text-align: left;\">2003 rok &#8211; do kapeli Janicki do\u0142\u0105cza trzydziestoosobowy zesp\u00f3\u0142 g\u00f3ralski<\/p>\n<p>&nbsp;<\/p>\n<p>&nbsp;<\/p>\n<p><strong>Ma\u0142e Janicki<\/strong><\/p>\n<p style=\"text-align: center;\"><strong><a href=\"http:\/\/www.kapelagoralska.eu\/wp-content\/uploads\/2011\/06\/W-radiu.jpg\"><img loading=\"lazy\" decoding=\"async\" class=\"aligncenter size-medium wp-image-190\" style=\"border: 1px solid black;\" title=\"Z Ma\u0142ymi Janickami w Radiu\" src=\"http:\/\/www.kapelagoralska.eu\/wp-content\/uploads\/2011\/06\/W-radiu-300x180.jpg\" alt=\"\" width=\"300\" height=\"180\" srcset=\"http:\/\/www.kapelagoralska.eu\/wp-content\/uploads\/2011\/06\/W-radiu-300x180.jpg 300w, http:\/\/www.kapelagoralska.eu\/wp-content\/uploads\/2011\/06\/W-radiu-1024x615.jpg 1024w\" sizes=\"auto, (max-width: 300px) 100vw, 300px\" \/><\/a><br \/>\n<\/strong><\/p>\n<p style=\"text-align: left;\">Od 2010 roku zaczyna si\u0119 ju\u017c systematyczna praca z zespo\u0142em dzieci\u0119cym w Czarnym Borze.<\/p>\n<p>&nbsp;<\/p>\n<p><strong>Stowarzyszenie G\u00f3rali Czarnoborskich<\/strong><\/p>\n<p>W 2011 roku powstaje stowarzyszenie kt\u00f3rego rol\u0105 jest ochrona przed zapomnieniem kultury g\u00f3ralskiej naszych przodk\u00f3w, wywodz\u0105cych si\u0119 z tzw. Szerokiego Podhala i aktywne wsp\u00f3\u0142tworzenie Ma\u0142ej Ojczyzny na Ziemi Czarnoborskiej.<\/p>\n<p>&nbsp;<\/p>\n<p>&nbsp;<\/p>\n<p><a href=\"http:\/\/www.kapelagoralska.eu\/wp-content\/uploads\/2011\/06\/Zesp\u00f3\u0142-Micha\u0142a-Piksy.jpg\"><img loading=\"lazy\" decoding=\"async\" class=\"size-medium wp-image-176 alignleft\" title=\"Zesp\u00f3\u0142 Micha\u0142a Piksy\" src=\"http:\/\/www.kapelagoralska.eu\/wp-content\/uploads\/2011\/06\/Zesp\u00f3\u0142-Micha\u0142a-Piksy-300x211.jpg\" alt=\"\" width=\"300\" height=\"211\" srcset=\"http:\/\/www.kapelagoralska.eu\/wp-content\/uploads\/2011\/06\/Zesp\u00f3\u0142-Micha\u0142a-Piksy-300x211.jpg 300w, http:\/\/www.kapelagoralska.eu\/wp-content\/uploads\/2011\/06\/Zesp\u00f3\u0142-Micha\u0142a-Piksy-1024x721.jpg 1024w, http:\/\/www.kapelagoralska.eu\/wp-content\/uploads\/2011\/06\/Zesp\u00f3\u0142-Micha\u0142a-Piksy.jpg 1948w\" sizes=\"auto, (max-width: 300px) 100vw, 300px\" \/><\/a><a href=\"http:\/\/www.kapelagoralska.eu\/wp-content\/uploads\/2011\/06\/dzieci-w-strojach-g\u00f3ralskich-z-doros\u0142ymi.jpg\"><img loading=\"lazy\" decoding=\"async\" class=\"alignright size-medium wp-image-177\" style=\"border: 1px solid black;\" title=\"dzieci w strojach g\u00f3ralskich, z doros\u0142ymi\" src=\"http:\/\/www.kapelagoralska.eu\/wp-content\/uploads\/2011\/06\/dzieci-w-strojach-g\u00f3ralskich-z-doros\u0142ymi-300x205.jpg\" alt=\"\" width=\"300\" height=\"205\" srcset=\"http:\/\/www.kapelagoralska.eu\/wp-content\/uploads\/2011\/06\/dzieci-w-strojach-g\u00f3ralskich-z-doros\u0142ymi-300x205.jpg 300w, http:\/\/www.kapelagoralska.eu\/wp-content\/uploads\/2011\/06\/dzieci-w-strojach-g\u00f3ralskich-z-doros\u0142ymi-1024x702.jpg 1024w, http:\/\/www.kapelagoralska.eu\/wp-content\/uploads\/2011\/06\/dzieci-w-strojach-g\u00f3ralskich-z-doros\u0142ymi.jpg 1418w\" sizes=\"auto, (max-width: 300px) 100vw, 300px\" \/><\/a><\/p>\n<p>&nbsp;<\/p>\n<p>&nbsp;<\/p>\n<p>&nbsp;<\/p>\n<p>&nbsp;<\/p>\n<p>&nbsp;<\/p>\n<p>&nbsp;<\/p>\n<p>&nbsp;<\/p>\n<p><a href=\"http:\/\/www.kapelagoralska.eu\/wp-content\/uploads\/2011\/06\/Ch\u0142opcy-w-strojach-g\u00f3ralskich.jpg\"><img loading=\"lazy\" decoding=\"async\" class=\"alignleft size-medium wp-image-178\" style=\"border: 1px solid black;\" title=\"Ch\u0142opcy w strojach g\u00f3ralskich\" src=\"http:\/\/www.kapelagoralska.eu\/wp-content\/uploads\/2011\/06\/Ch\u0142opcy-w-strojach-g\u00f3ralskich-300x191.jpg\" alt=\"\" width=\"300\" height=\"191\" srcset=\"http:\/\/www.kapelagoralska.eu\/wp-content\/uploads\/2011\/06\/Ch\u0142opcy-w-strojach-g\u00f3ralskich-300x191.jpg 300w, http:\/\/www.kapelagoralska.eu\/wp-content\/uploads\/2011\/06\/Ch\u0142opcy-w-strojach-g\u00f3ralskich.jpg 986w\" sizes=\"auto, (max-width: 300px) 100vw, 300px\" \/><\/a><\/p>\n<p><a href=\"http:\/\/www.kapelagoralska.eu\/wp-content\/uploads\/2011\/06\/4-ch\u0142opcy-w-strojach-g\u00f3ralskich.jpg\"><img loading=\"lazy\" decoding=\"async\" class=\"alignright size-medium wp-image-179\" style=\"border: 1px solid black;\" title=\"4 ch\u0142opcy w strojach g\u00f3ralskich\" src=\"http:\/\/www.kapelagoralska.eu\/wp-content\/uploads\/2011\/06\/4-ch\u0142opcy-w-strojach-g\u00f3ralskich-300x192.jpg\" alt=\"\" width=\"300\" height=\"192\" srcset=\"http:\/\/www.kapelagoralska.eu\/wp-content\/uploads\/2011\/06\/4-ch\u0142opcy-w-strojach-g\u00f3ralskich-300x192.jpg 300w, http:\/\/www.kapelagoralska.eu\/wp-content\/uploads\/2011\/06\/4-ch\u0142opcy-w-strojach-g\u00f3ralskich.jpg 985w\" sizes=\"auto, (max-width: 300px) 100vw, 300px\" \/><\/a><\/p>\n<p>&nbsp;<\/p>\n<p>&nbsp;<\/p>\n<p>&nbsp;<\/p>\n<p>&nbsp;<\/p>\n<p>&nbsp;<\/p>\n<p>&nbsp;<\/p>\n<p>&nbsp;<\/p>\n<p><a href=\"http:\/\/www.kapelagoralska.eu\/wp-content\/uploads\/2011\/06\/Mlodzi-zb\u00f3jnicy.jpg\"><img loading=\"lazy\" decoding=\"async\" class=\"alignleft size-medium wp-image-180\" style=\"border: 1px solid black;\" title=\"M\u0142odzi zb\u00f3jnicy\" src=\"http:\/\/www.kapelagoralska.eu\/wp-content\/uploads\/2011\/06\/Mlodzi-zb\u00f3jnicy-300x181.jpg\" alt=\"\" width=\"300\" height=\"181\" srcset=\"http:\/\/www.kapelagoralska.eu\/wp-content\/uploads\/2011\/06\/Mlodzi-zb\u00f3jnicy-300x181.jpg 300w, http:\/\/www.kapelagoralska.eu\/wp-content\/uploads\/2011\/06\/Mlodzi-zb\u00f3jnicy-1024x620.jpg 1024w, http:\/\/www.kapelagoralska.eu\/wp-content\/uploads\/2011\/06\/Mlodzi-zb\u00f3jnicy.jpg 1479w\" sizes=\"auto, (max-width: 300px) 100vw, 300px\" \/><\/a><\/p>\n<p><a href=\"http:\/\/www.kapelagoralska.eu\/wp-content\/uploads\/2011\/06\/G\u00f3rale-tancerze.jpg\"><img loading=\"lazy\" decoding=\"async\" class=\"alignright size-medium wp-image-181\" style=\"border: 1px solid black;\" title=\"G\u00f3rale - tancerze\" src=\"http:\/\/www.kapelagoralska.eu\/wp-content\/uploads\/2011\/06\/G\u00f3rale-tancerze-300x198.jpg\" alt=\"\" width=\"300\" height=\"198\" srcset=\"http:\/\/www.kapelagoralska.eu\/wp-content\/uploads\/2011\/06\/G\u00f3rale-tancerze-300x198.jpg 300w, http:\/\/www.kapelagoralska.eu\/wp-content\/uploads\/2011\/06\/G\u00f3rale-tancerze.jpg 1023w\" sizes=\"auto, (max-width: 300px) 100vw, 300px\" \/><\/a><\/p>\n<p>&nbsp;<\/p>\n<p>&nbsp;<\/p>\n<p>&nbsp;<\/p>\n<p>&nbsp;<\/p>\n<p>&nbsp;<\/p>\n<p>&nbsp;<\/p>\n<p>&nbsp;<\/p>\n<p><a href=\"http:\/\/www.kapelagoralska.eu\/wp-content\/uploads\/2011\/06\/Grupa-w-strojach-g\u00f3ralskich.jpg\"><img loading=\"lazy\" decoding=\"async\" class=\"alignleft size-medium wp-image-182\" style=\"border: 1px solid black;\" title=\"Grupa w strojach g\u00f3ralskich\" src=\"http:\/\/www.kapelagoralska.eu\/wp-content\/uploads\/2011\/06\/Grupa-w-strojach-g\u00f3ralskich-300x199.jpg\" alt=\"\" width=\"300\" height=\"199\" srcset=\"http:\/\/www.kapelagoralska.eu\/wp-content\/uploads\/2011\/06\/Grupa-w-strojach-g\u00f3ralskich-300x199.jpg 300w, http:\/\/www.kapelagoralska.eu\/wp-content\/uploads\/2011\/06\/Grupa-w-strojach-g\u00f3ralskich-1024x681.jpg 1024w, http:\/\/www.kapelagoralska.eu\/wp-content\/uploads\/2011\/06\/Grupa-w-strojach-g\u00f3ralskich.jpg 1096w\" sizes=\"auto, (max-width: 300px) 100vw, 300px\" \/><\/a><\/p>\n<p><a href=\"http:\/\/www.kapelagoralska.eu\/wp-content\/uploads\/2011\/06\/dzieci-w-strojach-g\u00f3ralskich.jpg\"><img loading=\"lazy\" decoding=\"async\" class=\"alignright size-medium wp-image-196\" style=\"border: 1px solid black;\" title=\"dzieci w strojach g\u00f3ralskich\" src=\"http:\/\/www.kapelagoralska.eu\/wp-content\/uploads\/2011\/06\/dzieci-w-strojach-g\u00f3ralskich-204x300.jpg\" alt=\"\" width=\"204\" height=\"300\" srcset=\"http:\/\/www.kapelagoralska.eu\/wp-content\/uploads\/2011\/06\/dzieci-w-strojach-g\u00f3ralskich-204x300.jpg 204w, http:\/\/www.kapelagoralska.eu\/wp-content\/uploads\/2011\/06\/dzieci-w-strojach-g\u00f3ralskich-698x1024.jpg 698w, http:\/\/www.kapelagoralska.eu\/wp-content\/uploads\/2011\/06\/dzieci-w-strojach-g\u00f3ralskich.jpg 978w\" sizes=\"auto, (max-width: 204px) 100vw, 204px\" \/><\/a><\/p>\n<p>&nbsp;<\/p>\n<p>&nbsp;<\/p>\n<p>&nbsp;<\/p>\n<p>&nbsp;<\/p>\n<p>&nbsp;<\/p>\n<p>&nbsp;<\/p>\n<p>&nbsp;<\/p>\n<p>&nbsp;<\/p>\n<p>&nbsp;<\/p>\n<p>&nbsp;<\/p>\n<p>&nbsp;<\/p>\n<p>&nbsp;<\/p>\n<p>&nbsp;<\/p>\n<p>&nbsp;<\/p>\n<p>&nbsp;<\/p>\n<p>&nbsp;<\/p>\n<p>&nbsp;<\/p>\n<p>&nbsp;<\/p>\n<p>&nbsp;<\/p>\n<p>&nbsp;<\/p>\n<p>&nbsp;<\/p>\n","protected":false},"excerpt":{"rendered":"<p>Genowefa Strojna z domu Poto\u0144c\u00f3wna z rodu Piks\u00f3w Animatorka kultury g\u00f3ralskiej na Ziemi Czarnoborskiej. Wywodzi si\u0119 z zespo\u0142u \u201e\u0141\u0105cko\u201d kt\u00f3ry zwyci\u0119\u017cy\u0142 w 1935 roku w Zakopanem na festiwalu \u201e\u015awi\u0119to G\u00f3r\u201d w kategorii Ta\u0144ca zb\u00f3jnickiego. &nbsp; Wincenty Kurnyta Za\u0142o\u017cyciel pierwszego zespo\u0142u g\u00f3ralskiego w Czarnym Borze w 1946 roku. &nbsp; Kapela Janicki 1999 rok &#8211; powstaje rodzinna [&hellip;]<\/p>\n","protected":false},"author":1,"featured_media":0,"parent":0,"menu_order":0,"comment_status":"closed","ping_status":"open","template":"","meta":{"footnotes":""},"class_list":["post-20","page","type-page","status-publish","hentry"],"_links":{"self":[{"href":"http:\/\/www.kapelagoralska.eu\/index.php?rest_route=\/wp\/v2\/pages\/20","targetHints":{"allow":["GET"]}}],"collection":[{"href":"http:\/\/www.kapelagoralska.eu\/index.php?rest_route=\/wp\/v2\/pages"}],"about":[{"href":"http:\/\/www.kapelagoralska.eu\/index.php?rest_route=\/wp\/v2\/types\/page"}],"author":[{"embeddable":true,"href":"http:\/\/www.kapelagoralska.eu\/index.php?rest_route=\/wp\/v2\/users\/1"}],"replies":[{"embeddable":true,"href":"http:\/\/www.kapelagoralska.eu\/index.php?rest_route=%2Fwp%2Fv2%2Fcomments&post=20"}],"version-history":[{"count":25,"href":"http:\/\/www.kapelagoralska.eu\/index.php?rest_route=\/wp\/v2\/pages\/20\/revisions"}],"predecessor-version":[{"id":149,"href":"http:\/\/www.kapelagoralska.eu\/index.php?rest_route=\/wp\/v2\/pages\/20\/revisions\/149"}],"wp:attachment":[{"href":"http:\/\/www.kapelagoralska.eu\/index.php?rest_route=%2Fwp%2Fv2%2Fmedia&parent=20"}],"curies":[{"name":"wp","href":"https:\/\/api.w.org\/{rel}","templated":true}]}}